{"id":13,"date":"2018-06-23T11:58:24","date_gmt":"2018-06-23T08:58:24","guid":{"rendered":"http:\/\/ikincielesyaalanlaralimsatim.com\/ikincielesya\/?page_id=13"},"modified":"2024-08-12T12:37:01","modified_gmt":"2024-08-12T09:37:01","slug":"iletisim","status":"publish","type":"page","link":"https:\/\/ikincielesyaalanlaralimsatim.com\/ikincielesya\/iletisim\/","title":{"rendered":"\u0130leti\u015fim"},"content":{"rendered":"\n<figure class=\"wp-block-gallery has-nested-images columns-default is-cropped wp-block-gallery-1 is-layout-flex wp-block-gallery-is-layout-flex\">\n<figure class=\"wp-block-image size-large\"><img loading=\"lazy\" decoding=\"async\" width=\"720\" height=\"720\" data-id=\"3801\" src=\"https:\/\/ikincielesyaalanlaralimsatim.com\/ikincielesya\/wp-content\/uploads\/2023\/12\/IMG_20231028_024535_380.webp\" alt=\"\" class=\"wp-image-3801\" srcset=\"https:\/\/ikincielesyaalanlaralimsatim.com\/ikincielesya\/wp-content\/uploads\/2023\/12\/IMG_20231028_024535_380.webp 720w, https:\/\/ikincielesyaalanlaralimsatim.com\/ikincielesya\/wp-content\/uploads\/2023\/12\/IMG_20231028_024535_380-300x300.webp 300w, https:\/\/ikincielesyaalanlaralimsatim.com\/ikincielesya\/wp-content\/uploads\/2023\/12\/IMG_20231028_024535_380-150x150.webp 150w, https:\/\/ikincielesyaalanlaralimsatim.com\/ikincielesya\/wp-content\/uploads\/2023\/12\/IMG_20231028_024535_380-600x600.webp 600w\" sizes=\"auto, (max-width: 720px) 100vw, 720px\" \/><\/figure>\n<\/figure>\n\n\n\n<figure class=\"wp-block-embed is-type-rich is-provider-twitter wp-block-embed-twitter\"><div class=\"wp-block-embed__wrapper\">\n<a class=\"twitter-timeline\" data-width=\"580\" data-height=\"870\" data-dnt=\"true\" href=\"https:\/\/twitter.com\/ikincielesyaaaa?ref_src=twsrc%5Etfw\">Tweets by ikincielesyaaaa<\/a><script async src=\"https:\/\/platform.twitter.com\/widgets.js\" charset=\"utf-8\"><\/script>\n<\/div><figcaption class=\"wp-element-caption\">ANKARA \u0130K\u0130NC\u0130 EL E\u015eYA ALANLAR <\/figcaption><\/figure>\n\n\n\n<p><\/p>\n","protected":false},"excerpt":{"rendered":"","protected":false},"author":1,"featured_media":3801,"parent":0,"menu_order":0,"comment_status":"closed","ping_status":"closed","template":"","meta":{"footnotes":""},"class_list":["post-13","page","type-page","status-publish","has-post-thumbnail","hentry"],"_links":{"self":[{"href":"https:\/\/ikincielesyaalanlaralimsatim.com\/ikincielesya\/wp-json\/wp\/v2\/pages\/13","targetHints":{"allow":["GET"]}}],"collection":[{"href":"https:\/\/ikincielesyaalanlaralimsatim.com\/ikincielesya\/wp-json\/wp\/v2\/pages"}],"about":[{"href":"https:\/\/ikincielesyaalanlaralimsatim.com\/ikincielesya\/wp-json\/wp\/v2\/types\/page"}],"author":[{"embeddable":true,"href":"https:\/\/ikincielesyaalanlaralimsatim.com\/ikincielesya\/wp-json\/wp\/v2\/users\/1"}],"replies":[{"embeddable":true,"href":"https:\/\/ikincielesyaalanlaralimsatim.com\/ikincielesya\/wp-json\/wp\/v2\/comments?post=13"}],"version-history":[{"count":3,"href":"https:\/\/ikincielesyaalanlaralimsatim.com\/ikincielesya\/wp-json\/wp\/v2\/pages\/13\/revisions"}],"predecessor-version":[{"id":3833,"href":"https:\/\/ikincielesyaalanlaralimsatim.com\/ikincielesya\/wp-json\/wp\/v2\/pages\/13\/revisions\/3833"}],"wp:featuredmedia":[{"embeddable":true,"href":"https:\/\/ikincielesyaalanlaralimsatim.com\/ikincielesya\/wp-json\/wp\/v2\/media\/3801"}],"wp:attachment":[{"href":"https:\/\/ikincielesyaalanlaralimsatim.com\/ikincielesya\/wp-json\/wp\/v2\/media?parent=13"}],"curies":[{"name":"wp","href":"https:\/\/api.w.org\/{rel}","templated":true}]}}